{"id":3220,"date":"2016-07-28T11:46:03","date_gmt":"2016-07-28T09:46:03","guid":{"rendered":"https:\/\/edelphoto.net\/en\/?page_id=3220"},"modified":"2016-08-12T10:18:35","modified_gmt":"2016-08-12T08:18:35","slug":"client-opinions","status":"publish","type":"page","link":"https:\/\/edelphoto.net\/en\/client-opinions\/","title":{"rendered":"Client opinions"},"content":{"rendered":"<p>[et_pb_section admin_label=&#8221;section&#8221;][et_pb_row admin_label=&#8221;Rad&#8221;][et_pb_column type=&#8221;4_4&#8243;][et_pb_text admin_label=&#8221;Opinions from some of our clients &#8211; Rubrik&#8221; background_layout=&#8221;light&#8221; text_orientation=&#8221;left&#8221; use_border_color=&#8221;off&#8221; border_color=&#8221;#ffffff&#8221; border_style=&#8221;solid&#8221;]<\/p>\n<h1>Opinions from some of our clients<\/h1>\n<p>[\/et_pb_text][\/et_pb_column][\/et_pb_row][et_pb_row admin_label=&#8221;row&#8221;][et_pb_column type=&#8221;3_4&#8243;][et_pb_text admin_label=&#8221;Profil Hotels &#8211; Text&#8221; background_layout=&#8221;light&#8221; text_orientation=&#8221;left&#8221; use_border_color=&#8221;off&#8221; border_color=&#8221;#ffffff&#8221; border_style=&#8221;solid&#8221;]<\/p>\n<p>\u201cIn January 2014 we completed our new conference facility. We contacted Edel regarding the job to photograph it. We were humbly and professionally treated and that resulted in that Edel, additionally to our conference facility, also updated our entire portfolio of the hotel and our restaurants. The treatment, simplicity and passion for always doing a good job always deserve the best rating. Edel has all three of them. A very satisfied customer.\u201d<\/p>\n<p style=\"text-align: right;\">Mattias Lindberg General Manager &#8211; <strong>Hotel Aveny Ume\u00e5<\/strong><\/p>\n<p>[\/et_pb_text][\/et_pb_column][et_pb_column type=&#8221;1_4&#8243;][et_pb_image admin_label=&#8221;Bild&#8221; src=&#8221;https:\/\/edelphoto.net\/wp-content\/uploads\/Mattias-Hotell_Aveny.png&#8221; show_in_lightbox=&#8221;off&#8221; url_new_window=&#8221;off&#8221; use_overlay=&#8221;off&#8221; animation=&#8221;off&#8221; sticky=&#8221;off&#8221; align=&#8221;left&#8221; force_fullwidth=&#8221;off&#8221; always_center_on_mobile=&#8221;on&#8221; use_border_color=&#8221;off&#8221; border_color=&#8221;#ffffff&#8221; border_style=&#8221;solid&#8221;]<\/p>\n<p>[\/et_pb_image][\/et_pb_column][\/et_pb_row][et_pb_row admin_label=&#8221;row&#8221;][et_pb_column type=&#8221;3_4&#8243;][et_pb_text admin_label=&#8221;Norrlands\u00e4gg &#8211; Text&#8221; background_layout=&#8221;light&#8221; text_orientation=&#8221;left&#8221; use_border_color=&#8221;off&#8221; border_color=&#8221;#ffffff&#8221; border_style=&#8221;solid&#8221;]<\/p>\n<p>\u201cEdel is the idea person, that with a twinkle in his eye always performs a first class job.<br \/>\nHe listens to us and willingly gives ideas to make it as good as possible. The job is made with fantastic service, effectiveness and is always a satisfaction and humane prices.\u201d<\/p>\n<p style=\"text-align: right;\">BM Lindberg CEO &#8211; <strong>Norrlands\u00e4gg<\/strong><\/p>\n<p>[\/et_pb_text][\/et_pb_column][et_pb_column type=&#8221;1_4&#8243;][et_pb_image admin_label=&#8221;Bild&#8221; src=&#8221;https:\/\/edelphoto.net\/wp-content\/uploads\/BM-Norrlandsagg.png&#8221; show_in_lightbox=&#8221;off&#8221; url_new_window=&#8221;off&#8221; use_overlay=&#8221;off&#8221; animation=&#8221;off&#8221; sticky=&#8221;off&#8221; align=&#8221;left&#8221; force_fullwidth=&#8221;off&#8221; always_center_on_mobile=&#8221;on&#8221; use_border_color=&#8221;off&#8221; border_color=&#8221;#ffffff&#8221; border_style=&#8221;solid&#8221;]<\/p>\n<p>[\/et_pb_image][\/et_pb_column][\/et_pb_row][et_pb_row admin_label=&#8221;row&#8221;][et_pb_column type=&#8221;3_4&#8243;][et_pb_text admin_label=&#8221;Ume\u00e5 Van Service AB &#8211; Text&#8221; background_layout=&#8221;light&#8221; text_orientation=&#8221;left&#8221; use_border_color=&#8221;off&#8221; border_color=&#8221;#ffffff&#8221; border_style=&#8221;solid&#8221;]<\/p>\n<p>\u201cWe hire Edel because he is fast, creative and thinks one step further and doesn\u2019t give up until he has the perfect picture. His pictures answers to our high demands on perfection and quality in our work at Ume\u00e5 Van Service AB.\u201d<\/p>\n<p style=\"text-align: right;\">Andreas Israelsson F\u00f6rs\u00e4ljningschef &#8211; <strong>Ume\u00e5 Van Service AB<\/strong><\/p>\n<p>[\/et_pb_text][\/et_pb_column][et_pb_column type=&#8221;1_4&#8243;][et_pb_image admin_label=&#8221;Bild&#8221; src=&#8221;https:\/\/edelphoto.net\/wp-content\/uploads\/Andreas-Umea_Van_Service_AB.png&#8221; show_in_lightbox=&#8221;off&#8221; url_new_window=&#8221;off&#8221; use_overlay=&#8221;off&#8221; animation=&#8221;off&#8221; sticky=&#8221;off&#8221; align=&#8221;left&#8221; force_fullwidth=&#8221;off&#8221; always_center_on_mobile=&#8221;on&#8221; use_border_color=&#8221;off&#8221; border_color=&#8221;#ffffff&#8221; border_style=&#8221;solid&#8221;]<\/p>\n<p>[\/et_pb_image][\/et_pb_column][\/et_pb_row][et_pb_row admin_label=&#8221;row&#8221;][et_pb_column type=&#8221;3_4&#8243;][et_pb_text admin_label=&#8221;Stj\u00e4rnafyrkant Ume\u00e5\/Skellefte\u00e5 &#8211; Text&#8221; background_layout=&#8221;light&#8221; text_orientation=&#8221;left&#8221; use_border_color=&#8221;off&#8221; border_color=&#8221;#ffffff&#8221; border_style=&#8221;solid&#8221;]<\/p>\n<p>\u201cWe always hire EdelPhoto for our photos. He has over the years delivered the perfect images to bus advertising, newspapers and magazines, etc. He always delivers quickly and with high quality. By hiring EdelPhoto you know what you will get: professional images, good treatment and quick delivery.\u201d<\/p>\n<p style=\"text-align: right;\">Leif Eriksson CEO &#8211; <strong>Stj\u00e4rnafyrkant Ume\u00e5\/Skellefte\u00e5<\/strong><\/p>\n<p>[\/et_pb_text][\/et_pb_column][et_pb_column type=&#8221;1_4&#8243;][et_pb_image admin_label=&#8221;Bild&#8221; src=&#8221;https:\/\/edelphoto.net\/wp-content\/uploads\/Leif-Stjarnafyrkant.png&#8221; show_in_lightbox=&#8221;off&#8221; url_new_window=&#8221;off&#8221; use_overlay=&#8221;off&#8221; animation=&#8221;off&#8221; sticky=&#8221;off&#8221; align=&#8221;left&#8221; force_fullwidth=&#8221;off&#8221; always_center_on_mobile=&#8221;on&#8221; use_border_color=&#8221;off&#8221; border_color=&#8221;#ffffff&#8221; border_style=&#8221;solid&#8221;]<\/p>\n<p>[\/et_pb_image][\/et_pb_column][\/et_pb_row][et_pb_row admin_label=&#8221;row&#8221;][et_pb_column type=&#8221;3_4&#8243;][et_pb_text admin_label=&#8221;Sharp &#8211; Text&#8221; background_layout=&#8221;light&#8221; text_orientation=&#8221;left&#8221; use_border_color=&#8221;off&#8221; border_color=&#8221;#ffffff&#8221; border_style=&#8221;solid&#8221;]<\/p>\n<p>\u201cEdel has in an inspiring and humoristic way helped us to get pictures of clients in their environments. This is our experience as well as our customers that got their picture taken.\u201d<\/p>\n<p style=\"text-align: right;\">Klas Friberg Regional Director &#8211; <strong>Sharp<\/strong><\/p>\n<p>[\/et_pb_text][\/et_pb_column][et_pb_column type=&#8221;1_4&#8243;][et_pb_image admin_label=&#8221;Bild&#8221; src=&#8221;https:\/\/edelphoto.net\/wp-content\/uploads\/Klas-Sharp.png&#8221; show_in_lightbox=&#8221;off&#8221; url_new_window=&#8221;off&#8221; use_overlay=&#8221;off&#8221; animation=&#8221;off&#8221; sticky=&#8221;off&#8221; align=&#8221;left&#8221; force_fullwidth=&#8221;off&#8221; always_center_on_mobile=&#8221;on&#8221; use_border_color=&#8221;off&#8221; border_color=&#8221;#ffffff&#8221; border_style=&#8221;solid&#8221;]<\/p>\n<p>[\/et_pb_image][\/et_pb_column][\/et_pb_row][et_pb_row admin_label=&#8221;row&#8221;][et_pb_column type=&#8221;3_4&#8243;][et_pb_text admin_label=&#8221;Coop Nord &#8211; Text&#8221; background_layout=&#8221;light&#8221; text_orientation=&#8221;left&#8221; use_border_color=&#8221;off&#8221; border_color=&#8221;#ffffff&#8221; border_style=&#8221;solid&#8221;]<\/p>\n<p>\u201dWe have hired EdelPhoto with a great result. Fast picture delivery and lovely pictures together with a nice treatment and attentiveness for our wishes.\u201d<\/p>\n<p style=\"text-align: right;\">Helena Karlsson CEO-assistant &#8211; <strong>Coop Nord<\/strong><\/p>\n<p>[\/et_pb_text][\/et_pb_column][et_pb_column type=&#8221;1_4&#8243;][et_pb_image admin_label=&#8221;Bild&#8221; src=&#8221;https:\/\/edelphoto.net\/wp-content\/uploads\/Helena-Coop_Nord.png&#8221; show_in_lightbox=&#8221;off&#8221; url_new_window=&#8221;off&#8221; use_overlay=&#8221;off&#8221; animation=&#8221;off&#8221; sticky=&#8221;off&#8221; align=&#8221;left&#8221; force_fullwidth=&#8221;off&#8221; always_center_on_mobile=&#8221;on&#8221; use_border_color=&#8221;off&#8221; border_color=&#8221;#ffffff&#8221; border_style=&#8221;solid&#8221;]<\/p>\n<p>[\/et_pb_image][\/et_pb_column][\/et_pb_row][\/et_pb_section]<\/p>\n","protected":false},"excerpt":{"rendered":"<p>Opinions from some of our clients \u201cIn January 2014 we completed our new conference facility. We contacted Edel regarding the job to photograph it. We were humbly <a href=\"https:\/\/edelphoto.net\/en\/client-opinions\/\">&#8230;L\u00e4s mer<\/a><\/p>\n","protected":false},"author":1,"featured_media":0,"parent":0,"menu_order":0,"comment_status":"closed","ping_status":"closed","template":"","meta":{"_acf_changed":false,"_et_pb_use_builder":"on","_et_pb_old_content":"","_et_gb_content_width":"","footnotes":"","_links_to":"","_links_to_target":""},"class_list":["post-3220","page","type-page","status-publish","hentry"],"acf":[],"yoast_head":"<!-- This site is optimized with the Yoast SEO plugin v24.0 - https:\/\/yoast.com\/wordpress\/plugins\/seo\/ -->\n<title>Client opinions - Edelphoto<\/title>\n<meta name=\"description\" content=\"Client opinions - Opinions from some of our customers.\" \/>\n<meta name=\"robots\" content=\"index, follow, max-snippet:-1, max-image-preview:large, max-video-preview:-1\" \/>\n<link rel=\"canonical\" href=\"https:\/\/edelphoto.net\/kundasikter\/\" \/>\n<meta property=\"og:locale\" content=\"en_US\" \/>\n<meta property=\"og:type\" content=\"article\" \/>\n<meta property=\"og:title\" content=\"Client opinions - Edelphoto\" \/>\n<meta property=\"og:description\" content=\"Client opinions - Opinions from some of our customers.\" \/>\n<meta property=\"og:url\" content=\"https:\/\/edelphoto.net\/kundasikter\/\" \/>\n<meta property=\"og:site_name\" content=\"Edelphoto\" \/>\n<meta property=\"article:modified_time\" content=\"2016-08-12T08:18:35+00:00\" \/>\n<meta property=\"og:image\" content=\"https:\/\/edelphoto.net\/wp-content\/uploads\/Fotograf-umea_EdelPhoto_fb.jpg\" \/>\n\t<meta property=\"og:image:width\" content=\"1200\" \/>\n\t<meta property=\"og:image:height\" content=\"630\" \/>\n\t<meta property=\"og:image:type\" content=\"image\/jpeg\" \/>\n<meta name=\"twitter:card\" content=\"summary_large_image\" \/>\n<meta name=\"twitter:label1\" content=\"Est. reading time\" \/>\n\t<meta name=\"twitter:data1\" content=\"5 minutes\" \/>\n<script type=\"application\/ld+json\" class=\"yoast-schema-graph\">{\"@context\":\"https:\/\/schema.org\",\"@graph\":[{\"@type\":\"WebPage\",\"@id\":\"https:\/\/edelphoto.net\/kundasikter\/\",\"url\":\"https:\/\/edelphoto.net\/kundasikter\/\",\"name\":\"Client opinions - Edelphoto\",\"isPartOf\":{\"@id\":\"https:\/\/edelphoto.net\/#website\"},\"datePublished\":\"2016-07-28T09:46:03+00:00\",\"dateModified\":\"2016-08-12T08:18:35+00:00\",\"description\":\"Client opinions - Opinions from some of our customers.\",\"breadcrumb\":{\"@id\":\"https:\/\/edelphoto.net\/kundasikter\/#breadcrumb\"},\"inLanguage\":\"en-US\",\"potentialAction\":[{\"@type\":\"ReadAction\",\"target\":[\"https:\/\/edelphoto.net\/kundasikter\/\"]}]},{\"@type\":\"BreadcrumbList\",\"@id\":\"https:\/\/edelphoto.net\/kundasikter\/#breadcrumb\",\"itemListElement\":[{\"@type\":\"ListItem\",\"position\":1,\"name\":\"Hem\",\"item\":\"https:\/\/edelphoto.net\/en\/\"},{\"@type\":\"ListItem\",\"position\":2,\"name\":\"Client opinions\"}]},{\"@type\":\"WebSite\",\"@id\":\"https:\/\/edelphoto.net\/#website\",\"url\":\"https:\/\/edelphoto.net\/\",\"name\":\"Edelphoto\",\"description\":\"Your professional photographer in Ume\u00e5\",\"potentialAction\":[{\"@type\":\"SearchAction\",\"target\":{\"@type\":\"EntryPoint\",\"urlTemplate\":\"https:\/\/edelphoto.net\/?s={search_term_string}\"},\"query-input\":{\"@type\":\"PropertyValueSpecification\",\"valueRequired\":true,\"valueName\":\"search_term_string\"}}],\"inLanguage\":\"en-US\"}]}<\/script>\n<!-- \/ Yoast SEO plugin. -->","yoast_head_json":{"title":"Client opinions - Edelphoto","description":"Client opinions - Opinions from some of our customers.","robots":{"index":"index","follow":"follow","max-snippet":"max-snippet:-1","max-image-preview":"max-image-preview:large","max-video-preview":"max-video-preview:-1"},"canonical":"https:\/\/edelphoto.net\/kundasikter\/","og_locale":"en_US","og_type":"article","og_title":"Client opinions - Edelphoto","og_description":"Client opinions - Opinions from some of our customers.","og_url":"https:\/\/edelphoto.net\/kundasikter\/","og_site_name":"Edelphoto","article_modified_time":"2016-08-12T08:18:35+00:00","og_image":[{"width":1200,"height":630,"url":"https:\/\/edelphoto.net\/wp-content\/uploads\/Fotograf-umea_EdelPhoto_fb.jpg","type":"image\/jpeg"}],"twitter_card":"summary_large_image","twitter_misc":{"Est. reading time":"5 minutes"},"schema":{"@context":"https:\/\/schema.org","@graph":[{"@type":"WebPage","@id":"https:\/\/edelphoto.net\/kundasikter\/","url":"https:\/\/edelphoto.net\/kundasikter\/","name":"Client opinions - Edelphoto","isPartOf":{"@id":"https:\/\/edelphoto.net\/#website"},"datePublished":"2016-07-28T09:46:03+00:00","dateModified":"2016-08-12T08:18:35+00:00","description":"Client opinions - Opinions from some of our customers.","breadcrumb":{"@id":"https:\/\/edelphoto.net\/kundasikter\/#breadcrumb"},"inLanguage":"en-US","potentialAction":[{"@type":"ReadAction","target":["https:\/\/edelphoto.net\/kundasikter\/"]}]},{"@type":"BreadcrumbList","@id":"https:\/\/edelphoto.net\/kundasikter\/#breadcrumb","itemListElement":[{"@type":"ListItem","position":1,"name":"Hem","item":"https:\/\/edelphoto.net\/en\/"},{"@type":"ListItem","position":2,"name":"Client opinions"}]},{"@type":"WebSite","@id":"https:\/\/edelphoto.net\/#website","url":"https:\/\/edelphoto.net\/","name":"Edelphoto","description":"Your professional photographer in Ume\u00e5","potentialAction":[{"@type":"SearchAction","target":{"@type":"EntryPoint","urlTemplate":"https:\/\/edelphoto.net\/?s={search_term_string}"},"query-input":{"@type":"PropertyValueSpecification","valueRequired":true,"valueName":"search_term_string"}}],"inLanguage":"en-US"}]}},"_links":{"self":[{"href":"https:\/\/edelphoto.net\/en\/wp-json\/wp\/v2\/pages\/3220","targetHints":{"allow":["GET"]}}],"collection":[{"href":"https:\/\/edelphoto.net\/en\/wp-json\/wp\/v2\/pages"}],"about":[{"href":"https:\/\/edelphoto.net\/en\/wp-json\/wp\/v2\/types\/page"}],"author":[{"embeddable":true,"href":"https:\/\/edelphoto.net\/en\/wp-json\/wp\/v2\/users\/1"}],"replies":[{"embeddable":true,"href":"https:\/\/edelphoto.net\/en\/wp-json\/wp\/v2\/comments?post=3220"}],"version-history":[{"count":9,"href":"https:\/\/edelphoto.net\/en\/wp-json\/wp\/v2\/pages\/3220\/revisions"}],"predecessor-version":[{"id":4899,"href":"https:\/\/edelphoto.net\/en\/wp-json\/wp\/v2\/pages\/3220\/revisions\/4899"}],"wp:attachment":[{"href":"https:\/\/edelphoto.net\/en\/wp-json\/wp\/v2\/media?parent=3220"}],"curies":[{"name":"wp","href":"https:\/\/api.w.org\/{rel}","templated":true}]}}